{"id":2611,"date":"2025-06-06T12:42:01","date_gmt":"2025-06-06T12:42:01","guid":{"rendered":"https:\/\/kadesh.art.br\/index.php\/front_page\/"},"modified":"2025-06-26T21:56:47","modified_gmt":"2025-06-26T21:56:47","slug":"front_page","status":"publish","type":"page","link":"https:\/\/kadesh.art.br\/","title":{"rendered":"Home"},"content":{"rendered":"\n\n\n\n\n\n\n\n\n\n\n\n\n\n\n\n","protected":false},"excerpt":{"rendered":"CONSULTORIA EM COMUNICA\u00c7\u00c3O An\u00e1lise da comunica\u00e7\u00e3o de sua empresa com foco na otimiza\u00e7\u00e3o de processos, fortalecimento da marca, relacionamento e resultados. BRANDINGE PROPAGANDA Constru\u00e7\u00e3o de marcas e campanhas de alto valor como ponto de partida para rela\u00e7\u00f5es duradouras e neg\u00f3cios que promovam a\u00e7\u00f5es eficazes. TR\u00c1FEGO PAGO E PRESEN\u00c7A DIGITAL Estrat\u00e9gias digitais com conte\u00fado relevante e [...]","protected":false},"author":3,"featured_media":0,"parent":0,"menu_order":0,"comment_status":"closed","ping_status":"closed","template":"","meta":{"saved_in_kubio":true,"footnotes":""},"class_list":["post-2611","page","type-page","status-publish","hentry"],"kubio_ai_page_context":{"short_desc":"","purpose":"general"},"_links":{"self":[{"href":"https:\/\/kadesh.art.br\/index.php\/wp-json\/wp\/v2\/pages\/2611","targetHints":{"allow":["GET"]}}],"collection":[{"href":"https:\/\/kadesh.art.br\/index.php\/wp-json\/wp\/v2\/pages"}],"about":[{"href":"https:\/\/kadesh.art.br\/index.php\/wp-json\/wp\/v2\/types\/page"}],"author":[{"embeddable":true,"href":"https:\/\/kadesh.art.br\/index.php\/wp-json\/wp\/v2\/users\/3"}],"replies":[{"embeddable":true,"href":"https:\/\/kadesh.art.br\/index.php\/wp-json\/wp\/v2\/comments?post=2611"}],"version-history":[{"count":63,"href":"https:\/\/kadesh.art.br\/index.php\/wp-json\/wp\/v2\/pages\/2611\/revisions"}],"predecessor-version":[{"id":3003,"href":"https:\/\/kadesh.art.br\/index.php\/wp-json\/wp\/v2\/pages\/2611\/revisions\/3003"}],"wp:attachment":[{"href":"https:\/\/kadesh.art.br\/index.php\/wp-json\/wp\/v2\/media?parent=2611"}],"curies":[{"name":"wp","href":"https:\/\/api.w.org\/{rel}","templated":true}]}}